{"id":1011,"date":"2025-10-14T16:17:13","date_gmt":"2025-10-14T13:17:13","guid":{"rendered":"https:\/\/myllynaija.louru.fi\/?page_id=1011"},"modified":"2025-10-24T15:10:40","modified_gmt":"2025-10-24T12:10:40","slug":"tietosuojaseloste","status":"publish","type":"page","link":"https:\/\/myllynaija.fi\/en\/tietosuojaseloste\/","title":{"rendered":"Privacy policy"},"content":{"rendered":"\t\t<div data-elementor-type=\"wp-page\" data-elementor-id=\"1011\" class=\"elementor elementor-1011\" data-elementor-post-type=\"page\">\n\t\t\t\t<div data-particle_enable=\"false\" data-particle-mobile-disabled=\"false\" class=\"elementor-element elementor-element-37e4e879 e-con-full e-flex e-con e-parent\" data-id=\"37e4e879\" data-element_type=\"container\" data-e-type=\"container\" data-settings=\"{&quot;background_background&quot;:&quot;classic&quot;}\">\n\t\t<div data-particle_enable=\"false\" data-particle-mobile-disabled=\"false\" class=\"elementor-element elementor-element-1ed159d7 e-con-full e-flex e-con e-child\" data-id=\"1ed159d7\" data-element_type=\"container\" data-e-type=\"container\">\n\t\t<div data-particle_enable=\"false\" data-particle-mobile-disabled=\"false\" class=\"elementor-element elementor-element-7391befa animated-slow e-con-full e-flex elementor-invisible e-con e-child\" data-id=\"7391befa\" data-element_type=\"container\" data-e-type=\"container\" data-settings=\"{&quot;animation&quot;:&quot;fadeIn&quot;,&quot;animation_delay&quot;:1500}\">\n\t\t<div data-particle_enable=\"false\" data-particle-mobile-disabled=\"false\" class=\"elementor-element elementor-element-6c4d63b1 e-con-full e-flex e-con e-child\" data-id=\"6c4d63b1\" data-element_type=\"container\" data-e-type=\"container\">\n\t\t\t\t<div class=\"elementor-element elementor-element-c5cafc5 elementor-invisible elementor-widget elementor-widget-heading\" data-id=\"c5cafc5\" data-element_type=\"widget\" data-e-type=\"widget\" data-settings=\"{&quot;_animation&quot;:&quot;fadeInUp&quot;}\" data-widget_type=\"heading.default\">\n\t\t\t\t\t<h2 class=\"elementor-heading-title elementor-size-default\">Myllyn \u00e4ij\u00e4<\/h2>\t\t\t\t<\/div>\n\t\t\t\t<div class=\"elementor-element elementor-element-94f94af elementor-invisible elementor-widget elementor-widget-heading\" data-id=\"94f94af\" data-element_type=\"widget\" data-e-type=\"widget\" data-settings=\"{&quot;_animation&quot;:&quot;fadeInUp&quot;}\" data-widget_type=\"heading.default\">\n\t\t\t\t\t<h1 class=\"elementor-heading-title elementor-size-default\">Tietosuojaseloste<\/h1>\t\t\t\t<\/div>\n\t\t\t\t<\/div>\n\t\t\t\t<\/div>\n\t\t\t\t<\/div>\n\t\t\t\t<\/div>\n\t\t<div data-particle_enable=\"false\" data-particle-mobile-disabled=\"false\" class=\"elementor-element elementor-element-324384ff e-flex e-con-boxed e-con e-parent\" data-id=\"324384ff\" data-element_type=\"container\" data-e-type=\"container\" data-settings=\"{&quot;background_background&quot;:&quot;classic&quot;,&quot;background_motion_fx_motion_fx_scrolling&quot;:&quot;yes&quot;,&quot;background_motion_fx_devices&quot;:[&quot;desktop&quot;,&quot;tablet&quot;]}\">\n\t\t\t\t\t<div class=\"e-con-inner\">\n\t\t<div data-particle_enable=\"false\" data-particle-mobile-disabled=\"false\" class=\"elementor-element elementor-element-524e8cf e-con-full e-flex e-con e-child\" data-id=\"524e8cf\" data-element_type=\"container\" data-e-type=\"container\">\n\t\t\t\t<div class=\"elementor-element elementor-element-c8033a7 elementor-widget elementor-widget-text-editor\" data-id=\"c8033a7\" data-element_type=\"widget\" data-e-type=\"widget\" data-widget_type=\"text-editor.default\">\n\t\t\t\t\t\t\t\t\t<h3 id=\"Rekisteri--ja-tietosuojaseloste\" data-renderer-start-pos=\"167\">Rekisteri- ja tietosuojaseloste<\/h3><p data-renderer-start-pos=\"200\">T\u00e4m\u00e4 on Myllyn \u00c4ij\u00e4n EU:n yleisen tietosuoja-asetuksen (GDPR) mukainen rekisteri- ja tietosuojaseloste. Laadittu 14.10.2025<\/p><h3 id=\"Rekisterinpit\u00e4j\u00e4\" data-renderer-start-pos=\"327\">Rekisterinpit\u00e4j\u00e4<\/h3><p data-renderer-start-pos=\"345\">Myllyn \u00c4ij\u00e4<\/p><p data-renderer-start-pos=\"360\">+3581644464<\/p><p data-renderer-start-pos=\"373\">Myllyjoentie 2, 99130 Sirkka<\/p><h3 id=\"Tietosuojaan-liittyv\u00e4t-pyynn\u00f6t\" data-renderer-start-pos=\"400\">Tietosuojaan liittyv\u00e4t pyynn\u00f6t<\/h3><p data-renderer-start-pos=\"432\">Tietosuojapyynn\u00f6ist\u00e4 vastaa\u00a0<a href=\"https:\/\/louru.fi\/\" target=\"_blank\" rel=\"noopener\">Louru Oy<\/a>.<\/p><h3 id=\"Rekisterin-nimi\" data-renderer-start-pos=\"471\">Rekisterin nimi<\/h3><p data-renderer-start-pos=\"488\">Myllyn \u00c4ij\u00e4 verkkopalvelun k\u00e4ytt\u00e4j\u00e4rekisteri.<\/p><h3 id=\"Henkil\u00f6tietojen-k\u00e4sittelyn-tarkoitus\" data-renderer-start-pos=\"537\">Henkil\u00f6tietojen k\u00e4sittelyn tarkoitus<\/h3><p data-renderer-start-pos=\"575\">Henkil\u00f6tietojen k\u00e4sittelyn tarkoitus on yhteydenpito asiakkaisiin, asiakassuhteen yll\u00e4pito ja markkinointi. Lis\u00e4ksi ker\u00e4ttyj\u00e4 tietoja voidaan k\u00e4ytt\u00e4\u00e4 verkkopalvelun kehitt\u00e4miseen. Tietoja ei k\u00e4ytet\u00e4 automatisoituun p\u00e4\u00e4t\u00f6ksentekoon tai profilointiin.<\/p><h3 id=\"Rekisterin-tietosis\u00e4lt\u00f6\" data-renderer-start-pos=\"826\">Rekisterin tietosis\u00e4lt\u00f6<\/h3><p data-renderer-start-pos=\"851\">Rekisteriin tallennettavia tietoja ovat: Henkil\u00f6n nimi, yrityksen nimi, yhteystiedot (puhelinnumero, s\u00e4hk\u00f6postiosoite, osoite), verkkosivustojen osoitteet, tiedot tilatuista palveluista ja niiden muutoksista, laskutustiedot, muut asiakassuhteeseen ja tilattuihin palveluihin liittyv\u00e4t tiedot.<\/p><p data-renderer-start-pos=\"1145\">Tiedot s\u00e4ilytet\u00e4\u00e4n toistaiseksi.<\/p><h3 id=\"S\u00e4\u00e4nn\u00f6nmukaiset-tietol\u00e4hteet\" data-renderer-start-pos=\"1179\">S\u00e4\u00e4nn\u00f6nmukaiset tietol\u00e4hteet<\/h3><p data-renderer-start-pos=\"1209\">Rekisteriin tallennettavat tiedot saadaan asiakkaalta s\u00e4hk\u00f6postitse, puhelimitse, sosiaalisen median palvelujen kautta, sopimuksista, asiakastapaamisista ja muista tilanteista, joissa asiakas luovuttaa tietojaan.<\/p><p data-renderer-start-pos=\"1423\">Yritysten ja muiden organisaatioiden yhteyshenkil\u00f6iden tietoja voidaan ker\u00e4t\u00e4 my\u00f6s julkisista l\u00e4hteist\u00e4 kuten verkkosivuilta, hakemistopalveluista ja muilta yrityksilt\u00e4.<\/p><h3 id=\"Tietojen-siirto-EU:n-tai-ETA:n-ulkopuolelle\" data-renderer-start-pos=\"1594\">Tietojen siirto EU:n tai ETA:n ulkopuolelle<\/h3><p data-renderer-start-pos=\"1639\">Tietoja ei luovuteta s\u00e4\u00e4nn\u00f6nmukaisesti muille tahoille. Tietoja voidaan julkaista silt\u00e4 osin kuin niin on sovittu asiakkaan kanssa. Tietoja voidaan siirt\u00e4\u00e4 rekisterinpit\u00e4j\u00e4n toimesta my\u00f6s EU:n tai ETA:n ulkopuolelle.<\/p><h3 id=\"Rekisterin-suojauksen-periaatteet\" data-renderer-start-pos=\"1857\">Rekisterin suojauksen periaatteet<\/h3><p data-renderer-start-pos=\"1892\">Rekisterinpit\u00e4j\u00e4 huolehtii siit\u00e4, ett\u00e4 tallennettuja tietoja sek\u00e4 palvelimien k\u00e4ytt\u00f6oikeuksia ja muita henkil\u00f6tietojen turvallisuuden kannalta kriittisi\u00e4 tietoja k\u00e4sitell\u00e4\u00e4n luottamuksellisesti ja vain niiden ty\u00f6ntekij\u00f6iden toimesta, joiden ty\u00f6nkuvaan se kuuluu.<\/p><h3 id=\"Riskit\" data-renderer-start-pos=\"2156\">Riskit<\/h3><p data-renderer-start-pos=\"2164\">Henkil\u00f6tietoihin liittyvi\u00e4 riskej\u00e4 on mm. tietovuodot. Rekisteriin tallennettuja henkil\u00f6tietoja suojataan asiattomalta p\u00e4\u00e4sylt\u00e4 tietoihin ja vahingossa tai laittomasti tapahtuvalta tietojen h\u00e4vitt\u00e4miselt\u00e4, muuttamiselta, luovuttamiselta, siirt\u00e4miselt\u00e4 taikka muulta laittomalta k\u00e4sittelylt\u00e4.<\/p><h3 id=\"Tarkastusoikeus-ja-henkil\u00f6tietojen-k\u00e4sittelyyn-liittyv\u00e4t-oikeudet\" data-renderer-start-pos=\"2457\">Tarkastusoikeus ja henkil\u00f6tietojen k\u00e4sittelyyn liittyv\u00e4t oikeudet<\/h3><p data-renderer-start-pos=\"2524\">Jokaisella rekisteriss\u00e4 olevalla henkil\u00f6ll\u00e4 on oikeus tarkastaa rekisteriin tallennetut tietonsa ja vaatia mahdollisen virheellisen tiedon korjaamista tai puutteellisen tiedon t\u00e4ydent\u00e4mist\u00e4.<\/p><p data-renderer-start-pos=\"2716\">Mik\u00e4li henkil\u00f6 haluaa tarkistaa h\u00e4nest\u00e4 tallennetut tiedot, vaatia oikaisua tai pyyt\u00e4\u00e4 h\u00e4nt\u00e4 koskevien henkil\u00f6tietojen poistamisen, pyynt\u00f6 tulee l\u00e4hett\u00e4\u00e4 kirjallisesti rekisterinpit\u00e4j\u00e4lle. Rekisterinpit\u00e4j\u00e4 voi pyyt\u00e4\u00e4 tarvittaessa pyynn\u00f6n esitt\u00e4j\u00e4\u00e4 todistamaan henkil\u00f6llisyytens\u00e4. Rekisterinpit\u00e4j\u00e4 vastaa asiakkaalle EU:n tietosuoja-asetuksessa s\u00e4\u00e4detyss\u00e4 ajassa (p\u00e4\u00e4s\u00e4\u00e4nt\u00f6isesti kuukauden kuluessa).<\/p><h3 id=\"Ev\u00e4steet-ja-k\u00e4vij\u00e4seuranta\" data-renderer-start-pos=\"3117\">Ev\u00e4steet ja k\u00e4vij\u00e4seuranta<\/h3><p data-renderer-start-pos=\"3145\">Verkkosivuston k\u00e4vij\u00e4tietoja ja -tilastoja tallennetaan Google Analytics -verkkoanalytiikkapalvelun kautta Googlen palvelimille, jotka voivat sijaita my\u00f6s ETA alueen ulkopuolella (Privacy Shield maissa).<\/p><h3 id=\"Mit\u00e4-ev\u00e4steet-ovat?\" data-renderer-start-pos=\"3350\">Mit\u00e4 ev\u00e4steet ovat?<\/h3><p data-renderer-start-pos=\"3371\">Ev\u00e4steet ovat pieni\u00e4 tekstitiedostoja, jotka tallennetaan k\u00e4ytt\u00e4j\u00e4n laitteelle h\u00e4nen vieraillessaan verkkosivustolla. Jokaisella vierailukerralla n\u00e4m\u00e4 ev\u00e4steet l\u00e4hetet\u00e4\u00e4n takaisin verkkosivustolle, joka tunnistaa ev\u00e4steen. Ev\u00e4steiden avulla voidaan mm. tunnistaa k\u00e4ytt\u00e4j\u00e4n laite, tallentaa k\u00e4ytt\u00e4j\u00e4n tekemi\u00e4 valintoja sivustolla ja s\u00e4ilytt\u00e4\u00e4 kirjautumistietoja. Ev\u00e4steill\u00e4 voidaan toteuttaa my\u00f6s k\u00e4vij\u00e4nseurantaa, jonka avulla pyrit\u00e4\u00e4n esimerkiksi parantamaan k\u00e4ytt\u00e4j\u00e4kokemusta ja kohdentamaan mainoksia.<\/p><h3 id=\"Verkkosivustolla-k\u00e4ytett\u00e4v\u00e4t-ev\u00e4steet\" data-renderer-start-pos=\"3877\">Verkkosivustolla k\u00e4ytett\u00e4v\u00e4t ev\u00e4steet<\/h3><p data-renderer-start-pos=\"3916\">T\u00e4ll\u00e4 verkkosivustolla on k\u00e4yt\u00f6ss\u00e4 Google Analytics -verkkoanalytiikkapalvelu, joka k\u00e4ytt\u00e4\u00e4 ev\u00e4steit\u00e4 k\u00e4vij\u00e4nseurantaan. Google Analytics -ev\u00e4steill\u00e4 voidaan ker\u00e4t\u00e4 tietoa esimerkiksi k\u00e4ytt\u00e4j\u00e4n<\/p><ul class=\"ak-ul\" data-indent-level=\"1\"><li><p data-renderer-start-pos=\"4113\">laitteesta<\/p><\/li><li><p data-renderer-start-pos=\"4127\">sijainnista<\/p><\/li><li><p data-renderer-start-pos=\"4142\">vierailemista sivuista (t\u00e4ll\u00e4 sivustolla)<\/p><\/li><li><p data-renderer-start-pos=\"4187\">avatuista linkeist\u00e4<\/p><\/li><li><p data-renderer-start-pos=\"4210\">vierailuajasta<\/p><\/li><li><p data-renderer-start-pos=\"4228\">saapumisl\u00e4hteest\u00e4.<\/p><\/li><\/ul><p data-renderer-start-pos=\"4250\">T\u00e4m\u00e4 verkkosivusto voi sis\u00e4lt\u00e4\u00e4 upotettua sis\u00e4lt\u00f6\u00e4 muista l\u00e4hteist\u00e4. Upotetun sis\u00e4ll\u00f6n lataaminen tai avaaminen on verrattavissa siihen, ett\u00e4 k\u00e4ytt\u00e4j\u00e4 itse vierailisi kolmannen osapuolen verkkosivustolla.<\/p><h3 id=\"Ker\u00e4ttyjen-tietojen-kohdentaminen-henkil\u00f6\u00f6n\" data-renderer-start-pos=\"4456\">Ker\u00e4ttyjen tietojen kohdentaminen henkil\u00f6\u00f6n<\/h3><p data-renderer-start-pos=\"4501\">Mit\u00e4\u00e4n ker\u00e4ttyj\u00e4 tietoja ei voida kohdentaa henkil\u00f6ihin, koska raporteista on poistettu henkil\u00f6iden IP-osoitteet ja muut tunnistetiedot. Google Analytics -raportit antavat suuntaa antavia lukuja k\u00e4vij\u00f6iden m\u00e4\u00e4r\u00e4st\u00e4, tietoa heid\u00e4n laitteistaan sek\u00e4 k\u00e4ytt\u00e4ytymisest\u00e4 t\u00e4ll\u00e4 verkkosivustolla.<\/p><p data-renderer-start-pos=\"4791\">\u00a0<\/p>\t\t\t\t\t\t\t\t<\/div>\n\t\t\t\t<\/div>\n\t\t\t\t\t<\/div>\n\t\t\t\t<\/div>\n\t\t<div data-particle_enable=\"false\" data-particle-mobile-disabled=\"false\" class=\"elementor-element elementor-element-6487dc9 e-con-full e-flex e-con e-parent\" data-id=\"6487dc9\" data-element_type=\"container\" data-e-type=\"container\">\n\t\t<div data-particle_enable=\"false\" data-particle-mobile-disabled=\"false\" class=\"elementor-element elementor-element-94c9c3a e-con-full e-flex e-con e-child\" data-id=\"94c9c3a\" data-element_type=\"container\" data-e-type=\"container\">\n\t\t<div data-particle_enable=\"false\" data-particle-mobile-disabled=\"false\" class=\"elementor-element elementor-element-65f61b5 e-con-full e-flex e-con e-child\" data-id=\"65f61b5\" data-element_type=\"container\" data-e-type=\"container\" data-settings=\"{&quot;background_background&quot;:&quot;classic&quot;}\">\n\t\t\t\t<div class=\"elementor-element elementor-element-a86ca4b elementor-widget elementor-widget-text-editor\" data-id=\"a86ca4b\" data-element_type=\"widget\" data-e-type=\"widget\" data-widget_type=\"text-editor.default\">\n\t\t\t\t\t\t\t\t\t<p data-prosemirror-content-type=\"node\" data-prosemirror-node-name=\"paragraph\" data-prosemirror-node-block=\"true\" data-pm-slice=\"1 1 [&quot;bulletList&quot;,{&quot;localId&quot;:null},&quot;listItem&quot;,{&quot;localId&quot;:null}]\">Katso my\u00f6s<\/p>\t\t\t\t\t\t\t\t<\/div>\n\t\t<div data-particle_enable=\"false\" data-particle-mobile-disabled=\"false\" class=\"elementor-element elementor-element-ed99404 e-con-full e-flex e-con e-child\" data-id=\"ed99404\" data-element_type=\"container\" data-e-type=\"container\" data-settings=\"{&quot;background_background&quot;:&quot;classic&quot;}\">\n\t\t<div data-particle_enable=\"false\" data-particle-mobile-disabled=\"false\" class=\"elementor-element elementor-element-fb543f7 e-grid e-con-full e-con e-child\" data-id=\"fb543f7\" data-element_type=\"container\" data-e-type=\"container\">\n\t\t\t\t<div class=\"elementor-element elementor-element-72d98ac elementor-widget elementor-widget-eael-creative-button\" data-id=\"72d98ac\" data-element_type=\"widget\" data-e-type=\"widget\" data-widget_type=\"eael-creative-button.default\">\n\t\t\t\t\t        <div class=\"eael-creative-button-wrapper\">\n\n            <a class=\"eael-creative-button eael-creative-button--default eael-cb-icon-position-\" href=\"https:\/\/myllynaija.fi\/ruokalistat\/\" data-text=\"Go!\">\n            \t    \n                <div class=\"creative-button-inner\">\n\n                    \n                    <span class=\"cretive-button-text\">Ruokalistat<\/span>\n\n                                    <\/div>\n\t                        <\/a>\n        <\/div>\n        \t\t\t\t<\/div>\n\t\t\t\t<div class=\"elementor-element elementor-element-87b49c1 elementor-widget elementor-widget-eael-creative-button\" data-id=\"87b49c1\" data-element_type=\"widget\" data-e-type=\"widget\" data-widget_type=\"eael-creative-button.default\">\n\t\t\t\t\t        <div class=\"eael-creative-button-wrapper\">\n\n            <a class=\"eael-creative-button eael-creative-button--default eael-cb-icon-position-\" href=\"https:\/\/myllynaija.fi\/catering\/\" data-text=\"Go!\">\n            \t    \n                <div class=\"creative-button-inner\">\n\n                    \n                    <span class=\"cretive-button-text\">Catering<\/span>\n\n                                    <\/div>\n\t                        <\/a>\n        <\/div>\n        \t\t\t\t<\/div>\n\t\t\t\t<div class=\"elementor-element elementor-element-9a047cd elementor-widget elementor-widget-eael-creative-button\" data-id=\"9a047cd\" data-element_type=\"widget\" data-e-type=\"widget\" data-widget_type=\"eael-creative-button.default\">\n\t\t\t\t\t        <div class=\"eael-creative-button-wrapper\">\n\n            <a class=\"eael-creative-button eael-creative-button--default eael-cb-icon-position-\" href=\"https:\/\/myllynaija.fi\/#ajankohtaista\" data-text=\"Go!\">\n            \t    \n                <div class=\"creative-button-inner\">\n\n                    \n                    <span class=\"cretive-button-text\">Ajankohtaista<\/span>\n\n                                    <\/div>\n\t                        <\/a>\n        <\/div>\n        \t\t\t\t<\/div>\n\t\t\t\t<\/div>\n\t\t\t\t<\/div>\n\t\t\t\t<\/div>\n\t\t\t\t<\/div>\n\t\t\t\t<\/div>\n\t\t\t\t<\/div>\n\t\t","protected":false},"excerpt":{"rendered":"<p>Myllyn \u00e4ij\u00e4 Tietosuojaseloste Rekisteri- ja tietosuojaseloste T\u00e4m\u00e4 on Myllyn \u00c4ij\u00e4n EU:n yleisen tietosuoja-asetuksen (GDPR) mukainen rekisteri- ja tietosuojaseloste. Laadittu 14.10.2025 Rekisterinpit\u00e4j\u00e4 Myllyn \u00c4ij\u00e4 +3581644464 Myllyjoentie 2, 99130 Sirkka Tietosuojaan liittyv\u00e4t pyynn\u00f6t Tietosuojapyynn\u00f6ist\u00e4 vastaa\u00a0Louru Oy. Rekisterin nimi Myllyn \u00c4ij\u00e4 verkkopalvelun k\u00e4ytt\u00e4j\u00e4rekisteri. Henkil\u00f6tietojen k\u00e4sittelyn tarkoitus Henkil\u00f6tietojen k\u00e4sittelyn tarkoitus on yhteydenpito asiakkaisiin, asiakassuhteen yll\u00e4pito ja markkinointi. Lis\u00e4ksi ker\u00e4ttyj\u00e4 [&hellip;]<\/p>\n","protected":false},"author":1,"featured_media":0,"parent":0,"menu_order":0,"comment_status":"closed","ping_status":"closed","template":"elementor_header_footer","meta":{"footnotes":""},"class_list":["post-1011","page","type-page","status-publish","hentry"],"_links":{"self":[{"href":"https:\/\/myllynaija.fi\/en\/wp-json\/wp\/v2\/pages\/1011","targetHints":{"allow":["GET"]}}],"collection":[{"href":"https:\/\/myllynaija.fi\/en\/wp-json\/wp\/v2\/pages"}],"about":[{"href":"https:\/\/myllynaija.fi\/en\/wp-json\/wp\/v2\/types\/page"}],"author":[{"embeddable":true,"href":"https:\/\/myllynaija.fi\/en\/wp-json\/wp\/v2\/users\/1"}],"replies":[{"embeddable":true,"href":"https:\/\/myllynaija.fi\/en\/wp-json\/wp\/v2\/comments?post=1011"}],"version-history":[{"count":19,"href":"https:\/\/myllynaija.fi\/en\/wp-json\/wp\/v2\/pages\/1011\/revisions"}],"predecessor-version":[{"id":1030,"href":"https:\/\/myllynaija.fi\/en\/wp-json\/wp\/v2\/pages\/1011\/revisions\/1030"}],"wp:attachment":[{"href":"https:\/\/myllynaija.fi\/en\/wp-json\/wp\/v2\/media?parent=1011"}],"curies":[{"name":"wp","href":"https:\/\/api.w.org\/{rel}","templated":true}]}}